{"id":2441,"date":"2023-06-06T09:50:43","date_gmt":"2023-06-06T07:50:43","guid":{"rendered":"https:\/\/fimus.dk.upd.mtra.in\/oplevelser\/"},"modified":"2025-10-09T14:31:28","modified_gmt":"2025-10-09T12:31:28","slug":"exhibitions","status":"publish","type":"page","link":"https:\/\/fimus.dk\/en\/exhibitions\/","title":{"rendered":"Exhibitions"},"content":{"rendered":"<div id=\"pl-2441\"  class=\"panel-layout\" ><div id=\"pg-2441-0\"  class=\"panel-grid panel-no-style\" ><div id=\"pgc-2441-0-0\"  class=\"panel-grid-cell\" ><div id=\"panel-2441-0-0-0\" class=\"so-panel widget widget_mtt-cover panel-first-child panel-last-child\" data-index=\"0\" ><div\n\t\t\t\n\t\t\tclass=\"so-widget-mtt-cover so-widget-mtt-cover-base\"\n\t\t\t\n\t\t><div class=\"mtt-cover mtt-cover--sub add-gradient-bottom \">\n  <div class=\"mtt-cover__image-container\">\n    <div class=\"mtt-cover__image-container--image overlay\">\n        \n<div class=\"mtt-image-video-block normal\">\n            <div class=\"mtt-image object-fit\">\n            <picture fetchpriority=\"auto\">\n                                            <img decoding=\"async\" src=\"https:\/\/fimus.dk\/wp-content\/uploads\/2023\/06\/VisitVadehavskysten_juni2022_\u00a9FlyingOctober-3780-scaled-2000x1334.jpg\" alt=\"akvariet\" fetchpriority=\"auto\">\n            <\/picture>\n        <\/div>\n        <\/div>\n    <\/div>\n  <\/div>\n  <div class=\"mtt-cover__text-container page_container\">\n    <div class=\"mtt-cover__text-wrap\">\n                    <h1 class=\"tagline\">Exhibitions<\/h1>\n                          <div class=\"mtt-cover__text title--h1\">\n              Tales of <br \/> the sea          <\/div>\n                    <\/div>\n        <\/div>\n<\/div>\n<\/div><\/div><\/div><\/div><div id=\"pg-2441-1\"  class=\"panel-grid panel-no-style\" ><div id=\"pgc-2441-1-0\"  class=\"panel-grid-cell\" ><div id=\"panel-2441-1-0-0\" class=\"so-panel widget widget_mtt-text-image panel-first-child panel-last-child\" data-index=\"1\" ><div\n\t\t\t\n\t\t\tclass=\"so-widget-mtt-text-image so-widget-mtt-text-image-base\"\n\t\t\t\n\t\t>\n<div class=\"mtt-text-image\">\n  <div class=\"mtt-text-image__inner page_container image-text\">\n    <div class=\"mtt-text-image__text-container\">\n                <h2 class=\"mtt-text-image__title\">Mysteries of the Sea<\/h2>        <p class=\"mtt-text-image__text\"><p>When you visit the exhibition, \"Mysteries of the Sea,\" you dive into a sea of superstition, myths, and science. Study the mermaid skeleton, the enormous whale hearts, and shiver at the gruesome tales of the giant squid.<\/p>\n<\/p>                            <div class=\"mtt-text-image__subs\">\n                <p class=\"mtt-text-image__subs--title\">temporary EXHIBITION<\/p>                            <\/div>\n                \n  <div class=\"button-section\">\n\n    \n        <a href=\"https:\/\/fimus.dk\/oplevelser\/havets-mysterier\/\" class=\"button outline_white\">\n                              Read more        <\/a>\n\n    \n  <\/div>\n\n    <\/div>\n    <div class=\"mtt-text-image__image\">\n      <div class=\"mtt-text-image__image--inner\">\n        <p class=\"mtt-text-image__image--text normal\">SCIENCE AND SUPERSTITION<\/p>        \n<div class=\"mtt-image-video-block normal flipped\">\n            <div class=\"mtt-image object-fit\">\n            <picture fetchpriority=\"auto\">\n                                            <img decoding=\"async\" src=\"https:\/\/fimus.dk\/wp-content\/uploads\/2023\/06\/Carta-marina-2000x1333.jpg\" alt=\"oplevelser carta marina\" fetchpriority=\"auto\">\n            <\/picture>\n        <\/div>\n        <\/div>\n      <\/div>\n    <\/div>\n  <\/div>\n<\/div>\n\n\n<\/div><\/div><\/div><\/div><div id=\"pg-2441-2\"  class=\"panel-grid panel-no-style\" ><div id=\"pgc-2441-2-0\"  class=\"panel-grid-cell\" ><div id=\"panel-2441-2-0-0\" class=\"so-panel widget widget_mtt-text-image panel-first-child panel-last-child\" data-index=\"2\" ><div\n\t\t\t\n\t\t\tclass=\"so-widget-mtt-text-image so-widget-mtt-text-image-base\"\n\t\t\t\n\t\t>\n<div class=\"mtt-text-image widget_prim_variant widget-contrast-light spacing-classes-added\">\n  <div class=\"mtt-text-image__inner page_container text-image\">\n    <div class=\"mtt-text-image__text-container\">\n                <h2 class=\"mtt-text-image__title\">DENMARK\u2019S INCREDIBLE FISHING VENTURE<\/h2>        <p class=\"mtt-text-image__text\"><p>Experience a raw piece of Danish history at the exhibition \"Denmark's Incredible Fishing Venture\" as local fishing skippers recount their battles against and with the sea in pursuit of the biggest catch.<\/p>\n<\/p>                        \n  <div class=\"button-section\">\n\n    \n        <a href=\"https:\/\/fimus.dk\/oplevelser\/danmarks-vildeste-fiskereventyr\/\" class=\"button outline_white\">\n                              Read more        <\/a>\n\n    \n  <\/div>\n\n    <\/div>\n    <div class=\"mtt-text-image__image\">\n      <div class=\"mtt-text-image__image--inner\">\n        <p class=\"mtt-text-image__image--text normal\">The fishermen's tales<\/p>        \n<div class=\"mtt-image-video-block normal\">\n            <div class=\"mtt-image object-fit\">\n            <picture fetchpriority=\"auto\">\n                                            <img decoding=\"async\" src=\"https:\/\/fimus.dk\/wp-content\/uploads\/2023\/09\/FIMUS_M3A5410-1600px-1.jpg\" alt=\"Danmarks vildeste fiskereventyr\" fetchpriority=\"auto\">\n            <\/picture>\n        <\/div>\n        <\/div>\n      <\/div>\n    <\/div>\n  <\/div>\n<\/div>\n\n\n<\/div><\/div><\/div><\/div><div id=\"pg-2441-3\"  class=\"panel-grid panel-no-style\" ><div id=\"pgc-2441-3-0\"  class=\"panel-grid-cell\" ><div id=\"panel-2441-3-0-0\" class=\"so-panel widget widget_mtt-text-image panel-first-child panel-last-child\" data-index=\"3\" ><div\n\t\t\t\n\t\t\tclass=\"so-widget-mtt-text-image so-widget-mtt-text-image-base\"\n\t\t\t\n\t\t>\n<div class=\"mtt-text-image widget_secondary widget-contrast-light spacing-classes-added\">\n  <div class=\"mtt-text-image__inner page_container image-text\">\n    <div class=\"mtt-text-image__text-container\">\n                <h2 class=\"mtt-text-image__title\">OPEN AIR EXHIBITION<\/h2>        <p class=\"mtt-text-image__text\"><p>Look out to the museum's open air exhibition and immerse yourself in a West Jutland world with fishing boats, a local harbor environment, and an original bunker from World War II.<\/p>\n<\/p>                        \n  <div class=\"button-section\">\n\n    \n        <a href=\"https:\/\/fimus.dk\/oplevelser\/frilandsudstilling\/\" class=\"button outline_white\">\n                              Read more        <\/a>\n\n    \n  <\/div>\n\n    <\/div>\n    <div class=\"mtt-text-image__image\">\n      <div class=\"mtt-text-image__image--inner\">\n        <p class=\"mtt-text-image__image--text normal\">Historic West Jutland<\/p>        \n<div class=\"mtt-image-video-block normal flipped\">\n            <div class=\"mtt-image object-fit\">\n            <picture fetchpriority=\"auto\">\n                                            <img decoding=\"async\" src=\"https:\/\/fimus.dk\/wp-content\/uploads\/2023\/06\/PR_fotos_2023-06-14-191-e1688549476134-1778x2000.jpg\" alt=\"Frilandsudstilling\" fetchpriority=\"auto\">\n            <\/picture>\n        <\/div>\n        <\/div>\n      <\/div>\n    <\/div>\n  <\/div>\n<\/div>\n\n\n<\/div><\/div><\/div><\/div><div id=\"pg-2441-4\"  class=\"panel-grid panel-no-style\" ><div id=\"pgc-2441-4-0\"  class=\"panel-grid-cell\" ><div id=\"panel-2441-4-0-0\" class=\"so-panel widget widget_mtt-text-image panel-first-child panel-last-child\" data-index=\"4\" ><div\n\t\t\t\n\t\t\tclass=\"so-widget-mtt-text-image so-widget-mtt-text-image-base\"\n\t\t\t\n\t\t>\n<div class=\"mtt-text-image widget_prim_variant widget-contrast-light spacing-classes-added\">\n  <div class=\"mtt-text-image__inner page_container text-image\">\n    <div class=\"mtt-text-image__text-container\">\n                <h2 class=\"mtt-text-image__title\">Sealarium<\/h2>        <p class=\"mtt-text-image__text\"><p>Watch the seals frolic in the sealarium and get up close as they curiously peer at you through the glass or speed past you.<\/p>\n<\/p>                            <div class=\"mtt-text-image__subs\">\n                <p class=\"mtt-text-image__subs--title\">WATCH THE SEAL FEEDING<\/p>                <p class=\"mtt-text-image__subs--text\">EVERY DAY AT 11:00 AM AND 2:30 PM<\/p>            <\/div>\n                \n  <div class=\"button-section\">\n\n    \n        <a href=\"https:\/\/fimus.dk\/oplevelser\/saelariet\/\" class=\"button outline_white\">\n                              Learn more        <\/a>\n\n    \n  <\/div>\n\n    <\/div>\n    <div class=\"mtt-text-image__image\">\n      <div class=\"mtt-text-image__image--inner\">\n        <p class=\"mtt-text-image__image--text normal\">THE SEALS OF THE WADDEN SEA<\/p>        \n<div class=\"mtt-image-video-block normal\">\n            <div class=\"mtt-image object-fit\">\n            <picture fetchpriority=\"auto\">\n                                            <img decoding=\"async\" src=\"https:\/\/fimus.dk\/wp-content\/uploads\/2023\/06\/PR_fotos_2023-06-14-10-e1688713058590-2000x999.jpg\" alt=\"s\u00e6lariet\" fetchpriority=\"auto\">\n            <\/picture>\n        <\/div>\n        <\/div>\n      <\/div>\n    <\/div>\n  <\/div>\n<\/div>\n\n\n<\/div><\/div><\/div><\/div><div id=\"pg-2441-5\"  class=\"panel-grid panel-no-style\" ><div id=\"pgc-2441-5-0\"  class=\"panel-grid-cell\" ><div id=\"panel-2441-5-0-0\" class=\"so-panel widget widget_mtt-text-image panel-first-child panel-last-child\" data-index=\"5\" ><div\n\t\t\t\n\t\t\tclass=\"so-widget-mtt-text-image so-widget-mtt-text-image-base\"\n\t\t\t\n\t\t>\n<div class=\"mtt-text-image\">\n  <div class=\"mtt-text-image__inner page_container image-text\">\n    <div class=\"mtt-text-image__text-container\">\n                <h2 class=\"mtt-text-image__title\">AQUARIUM<\/h2>        <p class=\"mtt-text-image__text\"><p>Do you dare to touch a lessor dotted dogfish? In Denmark's most beautiful touch pool, you can test your courage. In the aquarium, you'll also encounter other Danish fish such as thornback rays, turbot, conger eels, and the giant cod that can grow up to two meters long. In other words, you get a unique insight into life beneath the sea's surface!<\/p>\n<\/p>                        \n  <div class=\"button-section\">\n\n    \n        <a href=\"https:\/\/fimus.dk\/oplevelser\/akvariet\/\" class=\"button outline_white\">\n                              Read more        <\/a>\n\n    \n  <\/div>\n\n    <\/div>\n    <div class=\"mtt-text-image__image\">\n      <div class=\"mtt-text-image__image--inner\">\n        <p class=\"mtt-text-image__image--text normal\">Life beneath the surface<\/p>        \n<div class=\"mtt-image-video-block normal flipped\">\n            <div class=\"mtt-image object-fit\">\n            <picture fetchpriority=\"auto\">\n                                            <img decoding=\"async\" src=\"https:\/\/fimus.dk\/wp-content\/uploads\/2023\/06\/PR_fotos_2023-06-14-151-2000x1333.jpg\" alt=\"Akvariet\" fetchpriority=\"auto\">\n            <\/picture>\n        <\/div>\n        <\/div>\n      <\/div>\n    <\/div>\n  <\/div>\n<\/div>\n\n\n<\/div><\/div><\/div><\/div><div id=\"pg-2441-6\"  class=\"panel-grid panel-no-style\" ><div id=\"pgc-2441-6-0\"  class=\"panel-grid-cell panel-grid-cell-empty\" ><\/div><\/div><\/div>","protected":false},"excerpt":{"rendered":"<p>Exhibitions Tales of the sea Mysteries of the Sea When you visit the exhibition, &#8220;Mysteries of the Sea,&#8221; you dive into a sea of superstition, myths, and science. Study the mermaid skeleton, the enormous whale hearts, and shiver at the gruesome tales of the giant squid. temporary EXHIBITION Read more SCIENCE AND SUPERSTITION DENMARK\u2019S INCREDIBLE [&hellip;]<\/p>\n","protected":false},"author":4,"featured_media":0,"parent":0,"menu_order":38,"comment_status":"closed","ping_status":"closed","template":"","meta":{"_acf_changed":false,"inline_featured_image":false,"footnotes":""},"class_list":["post-2441","page","type-page","status-publish","hentry"],"acf":[],"yoast_head":"<!-- This site is optimized with the Yoast SEO plugin v27.0 - https:\/\/yoast.com\/product\/yoast-seo-wordpress\/ -->\n<title>Oplevelser - F\u00e5 et hav af fort\u00e6llinger om havet!<\/title>\n<meta name=\"description\" content=\"Havet og havets liv byder p\u00e5 oplevelser med udstillinger, levende dyr og en udend\u00f8rs frilandsudstilling. L\u00e6s mere og k\u00f8b billet i dag!\" \/>\n<meta name=\"robots\" content=\"index, follow, max-snippet:-1, max-image-preview:large, max-video-preview:-1\" \/>\n<link rel=\"canonical\" href=\"https:\/\/fimus.dk\/oplevelser\/\" \/>\n<meta property=\"og:locale\" content=\"en_US\" \/>\n<meta property=\"og:type\" content=\"article\" \/>\n<meta property=\"og:title\" content=\"Oplevelser - F\u00e5 et hav af fort\u00e6llinger om havet!\" \/>\n<meta property=\"og:description\" content=\"Havet og havets liv byder p\u00e5 oplevelser med udstillinger, levende dyr og en udend\u00f8rs frilandsudstilling. L\u00e6s mere og k\u00f8b billet i dag!\" \/>\n<meta property=\"og:url\" content=\"https:\/\/fimus.dk\/oplevelser\/\" \/>\n<meta property=\"og:site_name\" content=\"Fiskeri- og S\u00f8fartsmuseet i Esbjerg - bestil billet allerede i dag\" \/>\n<meta property=\"article:modified_time\" content=\"2025-10-09T12:31:28+00:00\" \/>\n<meta name=\"twitter:card\" content=\"summary_large_image\" \/>\n<meta name=\"twitter:label1\" content=\"Est. reading time\" \/>\n\t<meta name=\"twitter:data1\" content=\"2 minutes\" \/>\n<script type=\"application\/ld+json\" class=\"yoast-schema-graph\">{\"@context\":\"https:\/\/schema.org\",\"@graph\":[{\"@type\":\"WebPage\",\"@id\":\"https:\/\/fimus.dk\/oplevelser\/\",\"url\":\"https:\/\/fimus.dk\/oplevelser\/\",\"name\":\"Oplevelser - F\u00e5 et hav af fort\u00e6llinger om havet!\",\"isPartOf\":{\"@id\":\"https:\/\/fimus.dk\/#website\"},\"datePublished\":\"2023-06-06T07:50:43+00:00\",\"dateModified\":\"2025-10-09T12:31:28+00:00\",\"description\":\"Havet og havets liv byder p\u00e5 oplevelser med udstillinger, levende dyr og en udend\u00f8rs frilandsudstilling. L\u00e6s mere og k\u00f8b billet i dag!\",\"breadcrumb\":{\"@id\":\"https:\/\/fimus.dk\/oplevelser\/#breadcrumb\"},\"inLanguage\":\"en-US\",\"potentialAction\":[{\"@type\":\"ReadAction\",\"target\":[\"https:\/\/fimus.dk\/oplevelser\/\"]}]},{\"@type\":\"BreadcrumbList\",\"@id\":\"https:\/\/fimus.dk\/oplevelser\/#breadcrumb\",\"itemListElement\":[{\"@type\":\"ListItem\",\"position\":1,\"name\":\"Hjem\",\"item\":\"https:\/\/fimus.dk\/en\/\"},{\"@type\":\"ListItem\",\"position\":2,\"name\":\"Exhibitions\"}]},{\"@type\":\"WebSite\",\"@id\":\"https:\/\/fimus.dk\/#website\",\"url\":\"https:\/\/fimus.dk\/\",\"name\":\"Fiskeri- og S\u00f8fartsmuseet i Esbjerg - bestil billet allerede i dag\",\"description\":\"Hos os er havets kultur- og naturhistorie koblet sammen. Vi har et hav af fort\u00e6llinger og meget mere, som vi gl\u00e6der os til at dele med jer!\",\"publisher\":{\"@id\":\"https:\/\/fimus.dk\/#organization\"},\"potentialAction\":[{\"@type\":\"SearchAction\",\"target\":{\"@type\":\"EntryPoint\",\"urlTemplate\":\"https:\/\/fimus.dk\/?s={search_term_string}\"},\"query-input\":{\"@type\":\"PropertyValueSpecification\",\"valueRequired\":true,\"valueName\":\"search_term_string\"}}],\"inLanguage\":\"en-US\"},{\"@type\":\"Organization\",\"@id\":\"https:\/\/fimus.dk\/#organization\",\"name\":\"Fiskeri- og S\u00f8fartsmuseet i Esbjerg - bestil billet allerede i dag\",\"url\":\"https:\/\/fimus.dk\/\",\"logo\":{\"@type\":\"ImageObject\",\"inLanguage\":\"en-US\",\"@id\":\"https:\/\/fimus.dk\/#\/schema\/logo\/image\/\",\"url\":\"https:\/\/fimus.dk\/wp-content\/uploads\/2023\/06\/logo.svg\",\"contentUrl\":\"https:\/\/fimus.dk\/wp-content\/uploads\/2023\/06\/logo.svg\",\"width\":221,\"height\":41,\"caption\":\"Fiskeri- og S\u00f8fartsmuseet i Esbjerg - bestil billet allerede i dag\"},\"image\":{\"@id\":\"https:\/\/fimus.dk\/#\/schema\/logo\/image\/\"}}]}<\/script>\n<!-- \/ Yoast SEO plugin. -->","yoast_head_json":{"title":"Oplevelser - F\u00e5 et hav af fort\u00e6llinger om havet!","description":"Havet og havets liv byder p\u00e5 oplevelser med udstillinger, levende dyr og en udend\u00f8rs frilandsudstilling. L\u00e6s mere og k\u00f8b billet i dag!","robots":{"index":"index","follow":"follow","max-snippet":"max-snippet:-1","max-image-preview":"max-image-preview:large","max-video-preview":"max-video-preview:-1"},"canonical":"https:\/\/fimus.dk\/oplevelser\/","og_locale":"en_US","og_type":"article","og_title":"Oplevelser - F\u00e5 et hav af fort\u00e6llinger om havet!","og_description":"Havet og havets liv byder p\u00e5 oplevelser med udstillinger, levende dyr og en udend\u00f8rs frilandsudstilling. L\u00e6s mere og k\u00f8b billet i dag!","og_url":"https:\/\/fimus.dk\/oplevelser\/","og_site_name":"Fiskeri- og S\u00f8fartsmuseet i Esbjerg - bestil billet allerede i dag","article_modified_time":"2025-10-09T12:31:28+00:00","twitter_card":"summary_large_image","twitter_misc":{"Est. reading time":"2 minutes"},"schema":{"@context":"https:\/\/schema.org","@graph":[{"@type":"WebPage","@id":"https:\/\/fimus.dk\/oplevelser\/","url":"https:\/\/fimus.dk\/oplevelser\/","name":"Oplevelser - F\u00e5 et hav af fort\u00e6llinger om havet!","isPartOf":{"@id":"https:\/\/fimus.dk\/#website"},"datePublished":"2023-06-06T07:50:43+00:00","dateModified":"2025-10-09T12:31:28+00:00","description":"Havet og havets liv byder p\u00e5 oplevelser med udstillinger, levende dyr og en udend\u00f8rs frilandsudstilling. L\u00e6s mere og k\u00f8b billet i dag!","breadcrumb":{"@id":"https:\/\/fimus.dk\/oplevelser\/#breadcrumb"},"inLanguage":"en-US","potentialAction":[{"@type":"ReadAction","target":["https:\/\/fimus.dk\/oplevelser\/"]}]},{"@type":"BreadcrumbList","@id":"https:\/\/fimus.dk\/oplevelser\/#breadcrumb","itemListElement":[{"@type":"ListItem","position":1,"name":"Hjem","item":"https:\/\/fimus.dk\/en\/"},{"@type":"ListItem","position":2,"name":"Exhibitions"}]},{"@type":"WebSite","@id":"https:\/\/fimus.dk\/#website","url":"https:\/\/fimus.dk\/","name":"Fiskeri- og S\u00f8fartsmuseet i Esbjerg - bestil billet allerede i dag","description":"Hos os er havets kultur- og naturhistorie koblet sammen. Vi har et hav af fort\u00e6llinger og meget mere, som vi gl\u00e6der os til at dele med jer!","publisher":{"@id":"https:\/\/fimus.dk\/#organization"},"potentialAction":[{"@type":"SearchAction","target":{"@type":"EntryPoint","urlTemplate":"https:\/\/fimus.dk\/?s={search_term_string}"},"query-input":{"@type":"PropertyValueSpecification","valueRequired":true,"valueName":"search_term_string"}}],"inLanguage":"en-US"},{"@type":"Organization","@id":"https:\/\/fimus.dk\/#organization","name":"Fiskeri- og S\u00f8fartsmuseet i Esbjerg - bestil billet allerede i dag","url":"https:\/\/fimus.dk\/","logo":{"@type":"ImageObject","inLanguage":"en-US","@id":"https:\/\/fimus.dk\/#\/schema\/logo\/image\/","url":"https:\/\/fimus.dk\/wp-content\/uploads\/2023\/06\/logo.svg","contentUrl":"https:\/\/fimus.dk\/wp-content\/uploads\/2023\/06\/logo.svg","width":221,"height":41,"caption":"Fiskeri- og S\u00f8fartsmuseet i Esbjerg - bestil billet allerede i dag"},"image":{"@id":"https:\/\/fimus.dk\/#\/schema\/logo\/image\/"}}]}},"_links":{"self":[{"href":"https:\/\/fimus.dk\/en\/wp-json\/wp\/v2\/pages\/2441","targetHints":{"allow":["GET"]}}],"collection":[{"href":"https:\/\/fimus.dk\/en\/wp-json\/wp\/v2\/pages"}],"about":[{"href":"https:\/\/fimus.dk\/en\/wp-json\/wp\/v2\/types\/page"}],"author":[{"embeddable":true,"href":"https:\/\/fimus.dk\/en\/wp-json\/wp\/v2\/users\/4"}],"replies":[{"embeddable":true,"href":"https:\/\/fimus.dk\/en\/wp-json\/wp\/v2\/comments?post=2441"}],"version-history":[{"count":11,"href":"https:\/\/fimus.dk\/en\/wp-json\/wp\/v2\/pages\/2441\/revisions"}],"predecessor-version":[{"id":4457,"href":"https:\/\/fimus.dk\/en\/wp-json\/wp\/v2\/pages\/2441\/revisions\/4457"}],"wp:attachment":[{"href":"https:\/\/fimus.dk\/en\/wp-json\/wp\/v2\/media?parent=2441"}],"curies":[{"name":"wp","href":"https:\/\/api.w.org\/{rel}","templated":true}]}}