{"id":2362,"date":"2023-07-07T12:00:57","date_gmt":"2023-07-07T10:00:57","guid":{"rendered":"https:\/\/fimus.dk.upd.mtra.in\/presse\/"},"modified":"2025-10-02T10:53:50","modified_gmt":"2025-10-02T08:53:50","slug":"press","status":"publish","type":"page","link":"https:\/\/fimus.dk\/en\/press\/","title":{"rendered":"Press"},"content":{"rendered":"<div id=\"pl-2362\"  class=\"panel-layout\" ><div id=\"pg-2362-0\"  class=\"panel-grid panel-no-style\" ><div id=\"pgc-2362-0-0\"  class=\"panel-grid-cell\" ><div id=\"panel-2362-0-0-0\" class=\"so-panel widget widget_mtt-cover panel-first-child panel-last-child\" data-index=\"0\" ><div\n\t\t\t\n\t\t\tclass=\"so-widget-mtt-cover so-widget-mtt-cover-base\"\n\t\t\t\n\t\t><div class=\"mtt-cover mtt-cover--sub add-gradient-bottom \">\n  <div class=\"mtt-cover__image-container\">\n    <div class=\"mtt-cover__image-container--image overlay\">\n        \n<div class=\"mtt-image-video-block normal\">\n            <div class=\"mtt-image object-fit\">\n            <picture fetchpriority=\"auto\">\n                                            <img decoding=\"async\" src=\"https:\/\/fimus.dk\/wp-content\/uploads\/2023\/09\/E.1._paa_togt-98_EDIT-2000x1125.jpg\" alt=\"presse\" fetchpriority=\"auto\">\n            <\/picture>\n        <\/div>\n        <\/div>\n    <\/div>\n  <\/div>\n  <div class=\"mtt-cover__text-container page_container\">\n    <div class=\"mtt-cover__text-wrap\">\n                    <h1 class=\"tagline\">For journalists<\/h1>\n                          <div class=\"mtt-cover__text title--h1\">\n              Press          <\/div>\n                    <\/div>\n        <\/div>\n<\/div>\n<\/div><\/div><\/div><\/div><div id=\"pg-2362-1\"  class=\"panel-grid panel-no-style\" ><div id=\"pgc-2362-1-0\"  class=\"panel-grid-cell\" ><div id=\"panel-2362-1-0-0\" class=\"so-panel widget widget_mtt-text-image panel-first-child panel-last-child\" data-index=\"1\" ><div\n\t\t\t\n\t\t\tclass=\"so-widget-mtt-text-image so-widget-mtt-text-image-base\"\n\t\t\t\n\t\t>\n<div class=\"mtt-text-image\">\n  <div class=\"mtt-text-image__inner page_container image-text\">\n    <div class=\"mtt-text-image__text-container\">\n                <h2 class=\"mtt-text-image__title\">Press is welcome<\/h2>        <p class=\"mtt-text-image__text\"><p>The press is always welcome at the museum, but only with prior arrangement. Simply send an email to <a href=\"https:\/\/fimus.dk\/en\/employees\/#pernille\">Pernille<\/a> with your name, media outlet, purpose, and date.<\/p>\n<\/p>                            <\/div>\n    <div class=\"mtt-text-image__image\">\n      <div class=\"mtt-text-image__image--inner\">\n                \n<div class=\"mtt-image-video-block normal flipped\">\n            <div class=\"mtt-image object-fit\">\n            <picture fetchpriority=\"auto\">\n                                            <img decoding=\"async\" src=\"https:\/\/fimus.dk\/wp-content\/uploads\/2023\/09\/PR_fotos_2023-06-14-194_EDIT-scaled-2000x2000.jpg\" alt=\"presse\" fetchpriority=\"auto\">\n            <\/picture>\n        <\/div>\n        <\/div>\n      <\/div>\n    <\/div>\n  <\/div>\n<\/div>\n\n\n<\/div><\/div><\/div><\/div><div id=\"pg-2362-2\"  class=\"panel-grid panel-no-style\" ><div id=\"pgc-2362-2-0\"  class=\"panel-grid-cell\" ><div id=\"panel-2362-2-0-0\" class=\"so-panel widget widget_mtt-text-image panel-first-child panel-last-child\" data-index=\"2\" ><div\n\t\t\t\n\t\t\tclass=\"so-widget-mtt-text-image so-widget-mtt-text-image-base\"\n\t\t\t\n\t\t>\n<div class=\"mtt-text-image widget_prim_variant widget-contrast-light spacing-classes-added\">\n  <div class=\"mtt-text-image__inner page_container text-image\">\n    <div class=\"mtt-text-image__text-container\">\n                <h2 class=\"mtt-text-image__title\">Images for the press<\/h2>        <p class=\"mtt-text-image__text\"><p>You are always welcome to take photographs for personal use. If you intend to use photographs for commercial purposes, please remember to make an arrangement with the museum beforehand. Send an email to <a href=\"https:\/\/fimus.dk\/en\/employees\/#pernille\">Pernille<\/a>.<\/p>\n<p>&nbsp;<\/p>\n<p>&nbsp;<\/p>\n<p>You are also welcome to download the museum's images. However, these images should not be used for commercial purposes without permission. If you use them on the internet, please remember to credit the museum and the photographer.<\/p>\n<\/p>                        \n  <div class=\"button-section\">\n\n    \n        <a href=\"https:\/\/www.skyfish.com\/p\/fimus\" class=\"button outline_white\" target=\"_blank\" rel=\"noopener noreferrer\">\n                              View the museum's images        <\/a>\n\n    \n  <\/div>\n\n    <\/div>\n    <div class=\"mtt-text-image__image\">\n      <div class=\"mtt-text-image__image--inner\">\n                \n<div class=\"mtt-image-video-block normal\">\n            <div class=\"mtt-image object-fit\">\n            <picture fetchpriority=\"auto\">\n                                            <img decoding=\"async\" src=\"https:\/\/fimus.dk\/wp-content\/uploads\/2023\/09\/E.1._paa_togt-60-1600px-1.jpg\" alt=\"presse\" fetchpriority=\"auto\">\n            <\/picture>\n        <\/div>\n        <\/div>\n      <\/div>\n    <\/div>\n  <\/div>\n<\/div>\n\n\n<\/div><\/div><\/div><\/div><div id=\"pg-2362-3\"  class=\"panel-grid panel-no-style\" ><div id=\"pgc-2362-3-0\"  class=\"panel-grid-cell\" ><div id=\"panel-2362-3-0-0\" class=\"so-panel widget widget_mtt-text-image panel-first-child panel-last-child\" data-index=\"3\" ><div\n\t\t\t\n\t\t\tclass=\"so-widget-mtt-text-image so-widget-mtt-text-image-base\"\n\t\t\t\n\t\t>\n<div class=\"mtt-text-image\">\n  <div class=\"mtt-text-image__inner page_container image-text\">\n    <div class=\"mtt-text-image__text-container\">\n                <h2 class=\"mtt-text-image__title\">Do you have questions?<\/h2>        <p class=\"mtt-text-image__text\"><p>We are always happy to provide answers to anything under the sun and help with whatever you, as a journalist, might need. You can always contact <a href=\"https:\/\/fimus.dk\/en\/employees\/#pernille\">Pernille<\/a>.<\/p>\n<p>&nbsp;<\/p>\n<p>If you have questions for a specific staff member, please contact them directly.<\/p>\n<\/p>                        \n  <div class=\"button-section\">\n\n    \n        <a href=\"\" class=\"button outline_white\">\n                              See all employees        <\/a>\n\n    \n  <\/div>\n\n    <\/div>\n    <div class=\"mtt-text-image__image\">\n      <div class=\"mtt-text-image__image--inner\">\n                \n<div class=\"mtt-image-video-block normal flipped\">\n            <div class=\"mtt-image object-fit\">\n            <picture fetchpriority=\"auto\">\n                                            <img decoding=\"async\" src=\"https:\/\/fimus.dk\/wp-content\/uploads\/2025\/06\/Skattejagt-FIMUS-2000x1331.jpg\" alt=\"Skattejagt\" fetchpriority=\"auto\">\n            <\/picture>\n        <\/div>\n        <\/div>\n      <\/div>\n    <\/div>\n  <\/div>\n<\/div>\n\n\n<\/div><\/div><\/div><\/div><\/div>","protected":false},"excerpt":{"rendered":"<p>For journalists Press Press is welcome The press is always welcome at the museum, but only with prior arrangement. Simply send an email to Pernille with your name, media outlet, purpose, and date. Images for the press You are always welcome to take photographs for personal use. If you intend to use photographs for commercial [&hellip;]<\/p>\n","protected":false},"author":4,"featured_media":0,"parent":0,"menu_order":33,"comment_status":"closed","ping_status":"closed","template":"","meta":{"_acf_changed":false,"inline_featured_image":false,"footnotes":""},"class_list":["post-2362","page","type-page","status-publish","hentry"],"acf":[],"yoast_head":"<!-- This site is optimized with the Yoast SEO plugin v27.0 - https:\/\/yoast.com\/product\/yoast-seo-wordpress\/ -->\n<title>Presse og pressehenvendelse - l\u00e6s mere her!<\/title>\n<meta name=\"description\" content=\"\u00d8nsker du at bes\u00f8ge museet som presse eller s\u00f8ger du pressefotos af museet? Find viden om det p\u00e5 denne side.\" \/>\n<meta name=\"robots\" content=\"index, follow, max-snippet:-1, max-image-preview:large, max-video-preview:-1\" \/>\n<link rel=\"canonical\" href=\"https:\/\/fimus.dk\/presse\/\" \/>\n<meta property=\"og:locale\" content=\"en_US\" \/>\n<meta property=\"og:type\" content=\"article\" \/>\n<meta property=\"og:title\" content=\"Presse og pressehenvendelse - l\u00e6s mere her!\" \/>\n<meta property=\"og:description\" content=\"\u00d8nsker du at bes\u00f8ge museet som presse eller s\u00f8ger du pressefotos af museet? Find viden om det p\u00e5 denne side.\" \/>\n<meta property=\"og:url\" content=\"https:\/\/fimus.dk\/presse\/\" \/>\n<meta property=\"og:site_name\" content=\"Fiskeri- og S\u00f8fartsmuseet i Esbjerg - bestil billet allerede i dag\" \/>\n<meta property=\"article:modified_time\" content=\"2025-10-02T08:53:50+00:00\" \/>\n<meta name=\"twitter:card\" content=\"summary_large_image\" \/>\n<meta name=\"twitter:label1\" content=\"Est. reading time\" \/>\n\t<meta name=\"twitter:data1\" content=\"1 minute\" \/>\n<script type=\"application\/ld+json\" class=\"yoast-schema-graph\">{\"@context\":\"https:\/\/schema.org\",\"@graph\":[{\"@type\":\"WebPage\",\"@id\":\"https:\/\/fimus.dk\/presse\/\",\"url\":\"https:\/\/fimus.dk\/presse\/\",\"name\":\"Presse og pressehenvendelse - l\u00e6s mere her!\",\"isPartOf\":{\"@id\":\"https:\/\/fimus.dk\/#website\"},\"datePublished\":\"2023-07-07T10:00:57+00:00\",\"dateModified\":\"2025-10-02T08:53:50+00:00\",\"description\":\"\u00d8nsker du at bes\u00f8ge museet som presse eller s\u00f8ger du pressefotos af museet? Find viden om det p\u00e5 denne side.\",\"breadcrumb\":{\"@id\":\"https:\/\/fimus.dk\/presse\/#breadcrumb\"},\"inLanguage\":\"en-US\",\"potentialAction\":[{\"@type\":\"ReadAction\",\"target\":[\"https:\/\/fimus.dk\/presse\/\"]}]},{\"@type\":\"BreadcrumbList\",\"@id\":\"https:\/\/fimus.dk\/presse\/#breadcrumb\",\"itemListElement\":[{\"@type\":\"ListItem\",\"position\":1,\"name\":\"Hjem\",\"item\":\"https:\/\/fimus.dk\/en\/\"},{\"@type\":\"ListItem\",\"position\":2,\"name\":\"Press\"}]},{\"@type\":\"WebSite\",\"@id\":\"https:\/\/fimus.dk\/#website\",\"url\":\"https:\/\/fimus.dk\/\",\"name\":\"Fiskeri- og S\u00f8fartsmuseet i Esbjerg - bestil billet allerede i dag\",\"description\":\"Hos os er havets kultur- og naturhistorie koblet sammen. Vi har et hav af fort\u00e6llinger og meget mere, som vi gl\u00e6der os til at dele med jer!\",\"publisher\":{\"@id\":\"https:\/\/fimus.dk\/#organization\"},\"potentialAction\":[{\"@type\":\"SearchAction\",\"target\":{\"@type\":\"EntryPoint\",\"urlTemplate\":\"https:\/\/fimus.dk\/?s={search_term_string}\"},\"query-input\":{\"@type\":\"PropertyValueSpecification\",\"valueRequired\":true,\"valueName\":\"search_term_string\"}}],\"inLanguage\":\"en-US\"},{\"@type\":\"Organization\",\"@id\":\"https:\/\/fimus.dk\/#organization\",\"name\":\"Fiskeri- og S\u00f8fartsmuseet i Esbjerg - bestil billet allerede i dag\",\"url\":\"https:\/\/fimus.dk\/\",\"logo\":{\"@type\":\"ImageObject\",\"inLanguage\":\"en-US\",\"@id\":\"https:\/\/fimus.dk\/#\/schema\/logo\/image\/\",\"url\":\"https:\/\/fimus.dk\/wp-content\/uploads\/2023\/06\/logo.svg\",\"contentUrl\":\"https:\/\/fimus.dk\/wp-content\/uploads\/2023\/06\/logo.svg\",\"width\":221,\"height\":41,\"caption\":\"Fiskeri- og S\u00f8fartsmuseet i Esbjerg - bestil billet allerede i dag\"},\"image\":{\"@id\":\"https:\/\/fimus.dk\/#\/schema\/logo\/image\/\"}}]}<\/script>\n<!-- \/ Yoast SEO plugin. -->","yoast_head_json":{"title":"Presse og pressehenvendelse - l\u00e6s mere her!","description":"\u00d8nsker du at bes\u00f8ge museet som presse eller s\u00f8ger du pressefotos af museet? Find viden om det p\u00e5 denne side.","robots":{"index":"index","follow":"follow","max-snippet":"max-snippet:-1","max-image-preview":"max-image-preview:large","max-video-preview":"max-video-preview:-1"},"canonical":"https:\/\/fimus.dk\/presse\/","og_locale":"en_US","og_type":"article","og_title":"Presse og pressehenvendelse - l\u00e6s mere her!","og_description":"\u00d8nsker du at bes\u00f8ge museet som presse eller s\u00f8ger du pressefotos af museet? Find viden om det p\u00e5 denne side.","og_url":"https:\/\/fimus.dk\/presse\/","og_site_name":"Fiskeri- og S\u00f8fartsmuseet i Esbjerg - bestil billet allerede i dag","article_modified_time":"2025-10-02T08:53:50+00:00","twitter_card":"summary_large_image","twitter_misc":{"Est. reading time":"1 minute"},"schema":{"@context":"https:\/\/schema.org","@graph":[{"@type":"WebPage","@id":"https:\/\/fimus.dk\/presse\/","url":"https:\/\/fimus.dk\/presse\/","name":"Presse og pressehenvendelse - l\u00e6s mere her!","isPartOf":{"@id":"https:\/\/fimus.dk\/#website"},"datePublished":"2023-07-07T10:00:57+00:00","dateModified":"2025-10-02T08:53:50+00:00","description":"\u00d8nsker du at bes\u00f8ge museet som presse eller s\u00f8ger du pressefotos af museet? Find viden om det p\u00e5 denne side.","breadcrumb":{"@id":"https:\/\/fimus.dk\/presse\/#breadcrumb"},"inLanguage":"en-US","potentialAction":[{"@type":"ReadAction","target":["https:\/\/fimus.dk\/presse\/"]}]},{"@type":"BreadcrumbList","@id":"https:\/\/fimus.dk\/presse\/#breadcrumb","itemListElement":[{"@type":"ListItem","position":1,"name":"Hjem","item":"https:\/\/fimus.dk\/en\/"},{"@type":"ListItem","position":2,"name":"Press"}]},{"@type":"WebSite","@id":"https:\/\/fimus.dk\/#website","url":"https:\/\/fimus.dk\/","name":"Fiskeri- og S\u00f8fartsmuseet i Esbjerg - bestil billet allerede i dag","description":"Hos os er havets kultur- og naturhistorie koblet sammen. Vi har et hav af fort\u00e6llinger og meget mere, som vi gl\u00e6der os til at dele med jer!","publisher":{"@id":"https:\/\/fimus.dk\/#organization"},"potentialAction":[{"@type":"SearchAction","target":{"@type":"EntryPoint","urlTemplate":"https:\/\/fimus.dk\/?s={search_term_string}"},"query-input":{"@type":"PropertyValueSpecification","valueRequired":true,"valueName":"search_term_string"}}],"inLanguage":"en-US"},{"@type":"Organization","@id":"https:\/\/fimus.dk\/#organization","name":"Fiskeri- og S\u00f8fartsmuseet i Esbjerg - bestil billet allerede i dag","url":"https:\/\/fimus.dk\/","logo":{"@type":"ImageObject","inLanguage":"en-US","@id":"https:\/\/fimus.dk\/#\/schema\/logo\/image\/","url":"https:\/\/fimus.dk\/wp-content\/uploads\/2023\/06\/logo.svg","contentUrl":"https:\/\/fimus.dk\/wp-content\/uploads\/2023\/06\/logo.svg","width":221,"height":41,"caption":"Fiskeri- og S\u00f8fartsmuseet i Esbjerg - bestil billet allerede i dag"},"image":{"@id":"https:\/\/fimus.dk\/#\/schema\/logo\/image\/"}}]}},"_links":{"self":[{"href":"https:\/\/fimus.dk\/en\/wp-json\/wp\/v2\/pages\/2362","targetHints":{"allow":["GET"]}}],"collection":[{"href":"https:\/\/fimus.dk\/en\/wp-json\/wp\/v2\/pages"}],"about":[{"href":"https:\/\/fimus.dk\/en\/wp-json\/wp\/v2\/types\/page"}],"author":[{"embeddable":true,"href":"https:\/\/fimus.dk\/en\/wp-json\/wp\/v2\/users\/4"}],"replies":[{"embeddable":true,"href":"https:\/\/fimus.dk\/en\/wp-json\/wp\/v2\/comments?post=2362"}],"version-history":[{"count":7,"href":"https:\/\/fimus.dk\/en\/wp-json\/wp\/v2\/pages\/2362\/revisions"}],"predecessor-version":[{"id":4413,"href":"https:\/\/fimus.dk\/en\/wp-json\/wp\/v2\/pages\/2362\/revisions\/4413"}],"wp:attachment":[{"href":"https:\/\/fimus.dk\/en\/wp-json\/wp\/v2\/media?parent=2362"}],"curies":[{"name":"wp","href":"https:\/\/api.w.org\/{rel}","templated":true}]}}