{"id":2216,"date":"2023-07-13T11:38:36","date_gmt":"2023-07-13T09:38:36","guid":{"rendered":"https:\/\/fimus.dk.upd.mtra.in\/donering-af-genstande\/"},"modified":"2025-05-08T11:11:58","modified_gmt":"2025-05-08T09:11:58","slug":"donate-items","status":"publish","type":"page","link":"https:\/\/fimus.dk\/en\/donate-items\/","title":{"rendered":"Donate items"},"content":{"rendered":"<div id=\"pl-2216\"  class=\"panel-layout\" ><div id=\"pg-2216-0\"  class=\"panel-grid panel-no-style\" ><div id=\"pgc-2216-0-0\"  class=\"panel-grid-cell\" ><div id=\"panel-2216-0-0-0\" class=\"so-panel widget widget_mtt-cover panel-first-child panel-last-child\" data-index=\"0\" ><div\n\t\t\t\n\t\t\tclass=\"so-widget-mtt-cover so-widget-mtt-cover-base\"\n\t\t\t\n\t\t><div class=\"mtt-cover mtt-cover--sub add-gradient-bottom \">\n  <div class=\"mtt-cover__image-container\">\n    <div class=\"mtt-cover__image-container--image overlay\">\n        \n<div class=\"mtt-image-video-block normal\">\n            <div class=\"mtt-image object-fit\">\n            <picture fetchpriority=\"auto\">\n                                            <img decoding=\"async\" src=\"https:\/\/fimus.dk\/wp-content\/uploads\/2023\/10\/vlcsnap-2021-08-02-13h57m34s899-1600px.jpg\" alt=\"m\u00f8depakke\" fetchpriority=\"auto\">\n            <\/picture>\n        <\/div>\n        <\/div>\n    <\/div>\n  <\/div>\n  <div class=\"mtt-cover__text-container page_container\">\n    <div class=\"mtt-cover__text-wrap\">\n                    <h1 class=\"tagline\">Donate items<\/h1>\n                          <div class=\"mtt-cover__text title--h1\">\n              Are there hidden treasures in your possession?          <\/div>\n                    <\/div>\n        <\/div>\n<\/div>\n<\/div><\/div><\/div><\/div><div id=\"pg-2216-1\"  class=\"panel-grid panel-no-style\" ><div id=\"pgc-2216-1-0\"  class=\"panel-grid-cell\" ><div id=\"panel-2216-1-0-0\" class=\"so-panel widget widget_mtt-text-image panel-first-child panel-last-child\" data-index=\"1\" ><div\n\t\t\t\n\t\t\tclass=\"so-widget-mtt-text-image so-widget-mtt-text-image-base\"\n\t\t\t\n\t\t>\n<div class=\"mtt-text-image\">\n  <div class=\"mtt-text-image__inner page_container text-image\">\n    <div class=\"mtt-text-image__text-container\">\n                <h2 class=\"mtt-text-image__title\">Do you have an item<\/h2>        <p class=\"mtt-text-image__text\"><h3>that could be interesting for the museum?<\/h3>\n<h4><\/h4>\n<h4>Or a history-related question?<\/h4>\n<p>&nbsp;<\/p>\n<p>At the Fisheries and Maritime Museum, it's our collection manager who takes care of our items and helps assess whether new items fit into our collection.<\/p>\n<p>If you have an item, photos, or anything else that you think might be interesting for the museum, you should contact this person by sending an email to <a href=\"mailto:samling@fimus.dk\">samling@fimus.dk<\/a>. Please include the following information in your email:<\/p>\n<ul>\n<li>Your name<\/li>\n<li>Your phone number<\/li>\n<li>Description of your item<\/li>\n<li>Preferably several pictures of the item<\/li>\n<\/ul>\n<p>&nbsp;<\/p>\n<p>You can also use the same email address if you have a history-related question or if you want to see something from our collections. If your inquiry is time-consuming, we may charge a fee. You can see our price list <a href=\"https:\/\/fimus.dk\/wp-content\/uploads\/2023\/11\/PRISLISTE-FOR-HENVENDELSER-OG-BRUG-AF-SAMLINGER.pdf?_gl=1*ly0nsq*_up*MQ..*_ga*MTM3NDgyNjM4Ny4xNzAxMjUwOTky*_ga_EZ8MQY9C3Y*MTcwMTI1MDk5MS4xLjAuMTcwMTI1MDk5MS4wLjAuMA..\">here<\/a> (only in danish).<\/p>\n<p>&nbsp;<\/p>\n<p><strong>Please note<\/strong> that we only accept items related to our cultural-historical responsibility, such as fishing, West Jutlandic maritime history, and offshore. We only accept items that can add value to our collection and that we don't already have.<\/p>\n<p>&nbsp;<\/p>\n<p><em>You can expect a response to your email within up to 3 weeks.<\/em><\/p>\n<\/p>                        \n  <div class=\"button-section\">\n\n    \n        <a href=\"mailto:samling@fimus.dk\" class=\"button contrast\">\n                              Send us an email        <\/a>\n\n    \n  <\/div>\n\n    <\/div>\n    <div class=\"mtt-text-image__image\">\n      <div class=\"mtt-text-image__image--inner\">\n                \n<div class=\"mtt-image-video-block normal\">\n            <div class=\"mtt-image object-fit\">\n            <picture fetchpriority=\"auto\">\n                                            <img decoding=\"async\" src=\"https:\/\/fimus.dk\/wp-content\/uploads\/2023\/11\/IMG_20210318_0808281-1600px.jpg\" alt=\"Donate\" fetchpriority=\"auto\">\n            <\/picture>\n        <\/div>\n        <\/div>\n      <\/div>\n    <\/div>\n  <\/div>\n<\/div>\n\n\n<\/div><\/div><\/div><\/div><\/div>","protected":false},"excerpt":{"rendered":"<p>Donate items Are there hidden treasures in your possession? Do you have an item that could be interesting for the museum? Or a history-related question? &nbsp; At the Fisheries and Maritime Museum, it&#8217;s our collection manager who takes care of our items and helps assess whether new items fit into our collection. If you have [&hellip;]<\/p>\n","protected":false},"author":4,"featured_media":0,"parent":0,"menu_order":26,"comment_status":"closed","ping_status":"closed","template":"","meta":{"_acf_changed":false,"inline_featured_image":false,"footnotes":""},"class_list":["post-2216","page","type-page","status-publish","hentry"],"acf":[],"yoast_head":"<!-- This site is optimized with the Yoast SEO plugin v27.0 - https:\/\/yoast.com\/product\/yoast-seo-wordpress\/ -->\n<title>Donering af genstande til Fiskeri- og S\u00f8fartsmuseet<\/title>\n<meta name=\"description\" content=\"L\u00e6s her om donering af genstande til Fiskeri- og S\u00f8fartsmuseet. Vi tager imod genstande indenfor vores kulturhistoriske ansvarsomr\u00e5der.\" \/>\n<meta name=\"robots\" content=\"index, follow, max-snippet:-1, max-image-preview:large, max-video-preview:-1\" \/>\n<link rel=\"canonical\" href=\"https:\/\/fimus.dk\/donering-af-genstande\/\" \/>\n<meta property=\"og:locale\" content=\"en_US\" \/>\n<meta property=\"og:type\" content=\"article\" \/>\n<meta property=\"og:title\" content=\"Donering af genstande til Fiskeri- og S\u00f8fartsmuseet\" \/>\n<meta property=\"og:description\" content=\"L\u00e6s her om donering af genstande til Fiskeri- og S\u00f8fartsmuseet. Vi tager imod genstande indenfor vores kulturhistoriske ansvarsomr\u00e5der.\" \/>\n<meta property=\"og:url\" content=\"https:\/\/fimus.dk\/donering-af-genstande\/\" \/>\n<meta property=\"og:site_name\" content=\"Fiskeri- og S\u00f8fartsmuseet i Esbjerg - bestil billet allerede i dag\" \/>\n<meta property=\"article:modified_time\" content=\"2025-05-08T09:11:58+00:00\" \/>\n<meta name=\"twitter:card\" content=\"summary_large_image\" \/>\n<meta name=\"twitter:label1\" content=\"Est. reading time\" \/>\n\t<meta name=\"twitter:data1\" content=\"2 minutes\" \/>\n<script type=\"application\/ld+json\" class=\"yoast-schema-graph\">{\"@context\":\"https:\/\/schema.org\",\"@graph\":[{\"@type\":\"WebPage\",\"@id\":\"https:\/\/fimus.dk\/donering-af-genstande\/\",\"url\":\"https:\/\/fimus.dk\/donering-af-genstande\/\",\"name\":\"Donering af genstande til Fiskeri- og S\u00f8fartsmuseet\",\"isPartOf\":{\"@id\":\"https:\/\/fimus.dk\/#website\"},\"datePublished\":\"2023-07-13T09:38:36+00:00\",\"dateModified\":\"2025-05-08T09:11:58+00:00\",\"description\":\"L\u00e6s her om donering af genstande til Fiskeri- og S\u00f8fartsmuseet. Vi tager imod genstande indenfor vores kulturhistoriske ansvarsomr\u00e5der.\",\"breadcrumb\":{\"@id\":\"https:\/\/fimus.dk\/donering-af-genstande\/#breadcrumb\"},\"inLanguage\":\"en-US\",\"potentialAction\":[{\"@type\":\"ReadAction\",\"target\":[\"https:\/\/fimus.dk\/donering-af-genstande\/\"]}]},{\"@type\":\"BreadcrumbList\",\"@id\":\"https:\/\/fimus.dk\/donering-af-genstande\/#breadcrumb\",\"itemListElement\":[{\"@type\":\"ListItem\",\"position\":1,\"name\":\"Hjem\",\"item\":\"https:\/\/fimus.dk\/en\/\"},{\"@type\":\"ListItem\",\"position\":2,\"name\":\"Donate items\"}]},{\"@type\":\"WebSite\",\"@id\":\"https:\/\/fimus.dk\/#website\",\"url\":\"https:\/\/fimus.dk\/\",\"name\":\"Fiskeri- og S\u00f8fartsmuseet i Esbjerg - bestil billet allerede i dag\",\"description\":\"Hos os er havets kultur- og naturhistorie koblet sammen. Vi har et hav af fort\u00e6llinger og meget mere, som vi gl\u00e6der os til at dele med jer!\",\"publisher\":{\"@id\":\"https:\/\/fimus.dk\/#organization\"},\"potentialAction\":[{\"@type\":\"SearchAction\",\"target\":{\"@type\":\"EntryPoint\",\"urlTemplate\":\"https:\/\/fimus.dk\/?s={search_term_string}\"},\"query-input\":{\"@type\":\"PropertyValueSpecification\",\"valueRequired\":true,\"valueName\":\"search_term_string\"}}],\"inLanguage\":\"en-US\"},{\"@type\":\"Organization\",\"@id\":\"https:\/\/fimus.dk\/#organization\",\"name\":\"Fiskeri- og S\u00f8fartsmuseet i Esbjerg - bestil billet allerede i dag\",\"url\":\"https:\/\/fimus.dk\/\",\"logo\":{\"@type\":\"ImageObject\",\"inLanguage\":\"en-US\",\"@id\":\"https:\/\/fimus.dk\/#\/schema\/logo\/image\/\",\"url\":\"https:\/\/fimus.dk\/wp-content\/uploads\/2023\/06\/logo.svg\",\"contentUrl\":\"https:\/\/fimus.dk\/wp-content\/uploads\/2023\/06\/logo.svg\",\"width\":221,\"height\":41,\"caption\":\"Fiskeri- og S\u00f8fartsmuseet i Esbjerg - bestil billet allerede i dag\"},\"image\":{\"@id\":\"https:\/\/fimus.dk\/#\/schema\/logo\/image\/\"}}]}<\/script>\n<!-- \/ Yoast SEO plugin. -->","yoast_head_json":{"title":"Donering af genstande til Fiskeri- og S\u00f8fartsmuseet","description":"L\u00e6s her om donering af genstande til Fiskeri- og S\u00f8fartsmuseet. Vi tager imod genstande indenfor vores kulturhistoriske ansvarsomr\u00e5der.","robots":{"index":"index","follow":"follow","max-snippet":"max-snippet:-1","max-image-preview":"max-image-preview:large","max-video-preview":"max-video-preview:-1"},"canonical":"https:\/\/fimus.dk\/donering-af-genstande\/","og_locale":"en_US","og_type":"article","og_title":"Donering af genstande til Fiskeri- og S\u00f8fartsmuseet","og_description":"L\u00e6s her om donering af genstande til Fiskeri- og S\u00f8fartsmuseet. Vi tager imod genstande indenfor vores kulturhistoriske ansvarsomr\u00e5der.","og_url":"https:\/\/fimus.dk\/donering-af-genstande\/","og_site_name":"Fiskeri- og S\u00f8fartsmuseet i Esbjerg - bestil billet allerede i dag","article_modified_time":"2025-05-08T09:11:58+00:00","twitter_card":"summary_large_image","twitter_misc":{"Est. reading time":"2 minutes"},"schema":{"@context":"https:\/\/schema.org","@graph":[{"@type":"WebPage","@id":"https:\/\/fimus.dk\/donering-af-genstande\/","url":"https:\/\/fimus.dk\/donering-af-genstande\/","name":"Donering af genstande til Fiskeri- og S\u00f8fartsmuseet","isPartOf":{"@id":"https:\/\/fimus.dk\/#website"},"datePublished":"2023-07-13T09:38:36+00:00","dateModified":"2025-05-08T09:11:58+00:00","description":"L\u00e6s her om donering af genstande til Fiskeri- og S\u00f8fartsmuseet. Vi tager imod genstande indenfor vores kulturhistoriske ansvarsomr\u00e5der.","breadcrumb":{"@id":"https:\/\/fimus.dk\/donering-af-genstande\/#breadcrumb"},"inLanguage":"en-US","potentialAction":[{"@type":"ReadAction","target":["https:\/\/fimus.dk\/donering-af-genstande\/"]}]},{"@type":"BreadcrumbList","@id":"https:\/\/fimus.dk\/donering-af-genstande\/#breadcrumb","itemListElement":[{"@type":"ListItem","position":1,"name":"Hjem","item":"https:\/\/fimus.dk\/en\/"},{"@type":"ListItem","position":2,"name":"Donate items"}]},{"@type":"WebSite","@id":"https:\/\/fimus.dk\/#website","url":"https:\/\/fimus.dk\/","name":"Fiskeri- og S\u00f8fartsmuseet i Esbjerg - bestil billet allerede i dag","description":"Hos os er havets kultur- og naturhistorie koblet sammen. Vi har et hav af fort\u00e6llinger og meget mere, som vi gl\u00e6der os til at dele med jer!","publisher":{"@id":"https:\/\/fimus.dk\/#organization"},"potentialAction":[{"@type":"SearchAction","target":{"@type":"EntryPoint","urlTemplate":"https:\/\/fimus.dk\/?s={search_term_string}"},"query-input":{"@type":"PropertyValueSpecification","valueRequired":true,"valueName":"search_term_string"}}],"inLanguage":"en-US"},{"@type":"Organization","@id":"https:\/\/fimus.dk\/#organization","name":"Fiskeri- og S\u00f8fartsmuseet i Esbjerg - bestil billet allerede i dag","url":"https:\/\/fimus.dk\/","logo":{"@type":"ImageObject","inLanguage":"en-US","@id":"https:\/\/fimus.dk\/#\/schema\/logo\/image\/","url":"https:\/\/fimus.dk\/wp-content\/uploads\/2023\/06\/logo.svg","contentUrl":"https:\/\/fimus.dk\/wp-content\/uploads\/2023\/06\/logo.svg","width":221,"height":41,"caption":"Fiskeri- og S\u00f8fartsmuseet i Esbjerg - bestil billet allerede i dag"},"image":{"@id":"https:\/\/fimus.dk\/#\/schema\/logo\/image\/"}}]}},"_links":{"self":[{"href":"https:\/\/fimus.dk\/en\/wp-json\/wp\/v2\/pages\/2216","targetHints":{"allow":["GET"]}}],"collection":[{"href":"https:\/\/fimus.dk\/en\/wp-json\/wp\/v2\/pages"}],"about":[{"href":"https:\/\/fimus.dk\/en\/wp-json\/wp\/v2\/types\/page"}],"author":[{"embeddable":true,"href":"https:\/\/fimus.dk\/en\/wp-json\/wp\/v2\/users\/4"}],"replies":[{"embeddable":true,"href":"https:\/\/fimus.dk\/en\/wp-json\/wp\/v2\/comments?post=2216"}],"version-history":[{"count":10,"href":"https:\/\/fimus.dk\/en\/wp-json\/wp\/v2\/pages\/2216\/revisions"}],"predecessor-version":[{"id":4082,"href":"https:\/\/fimus.dk\/en\/wp-json\/wp\/v2\/pages\/2216\/revisions\/4082"}],"wp:attachment":[{"href":"https:\/\/fimus.dk\/en\/wp-json\/wp\/v2\/media?parent=2216"}],"curies":[{"name":"wp","href":"https:\/\/api.w.org\/{rel}","templated":true}]}}