{"id":2095,"date":"2023-07-11T13:39:14","date_gmt":"2023-07-11T11:39:14","guid":{"rendered":"https:\/\/fimus.dk.upd.mtra.in\/sael-paa-stranden\/"},"modified":"2026-01-29T08:58:06","modified_gmt":"2026-01-29T07:58:06","slug":"seal-on-the-beach","status":"publish","type":"page","link":"https:\/\/fimus.dk\/en\/seal-on-the-beach\/","title":{"rendered":"The Marine Mammal Response Team"},"content":{"rendered":"<div id=\"pl-2095\"  class=\"panel-layout\" ><div id=\"pg-2095-0\"  class=\"panel-grid panel-no-style\" ><div id=\"pgc-2095-0-0\"  class=\"panel-grid-cell\" ><div id=\"panel-2095-0-0-0\" class=\"so-panel widget widget_mtt-cover panel-first-child panel-last-child\" data-index=\"0\" ><div\n\t\t\t\n\t\t\tclass=\"so-widget-mtt-cover so-widget-mtt-cover-base\"\n\t\t\t\n\t\t><div class=\"mtt-cover mtt-cover--sub add-gradient-bottom \">\n  <div class=\"mtt-cover__image-container\">\n    <div class=\"mtt-cover__image-container--image overlay\">\n        \n<div class=\"mtt-image-video-block normal\">\n            <div class=\"mtt-image object-fit\">\n            <picture fetchpriority=\"auto\">\n                                            <img decoding=\"async\" src=\"https:\/\/fimus.dk\/wp-content\/uploads\/2023\/09\/Spaettet_sael_copyright_Lars_Gejl-Nationalpark-Vadehavet-1600px.jpg\" alt=\"s\u00e6l p\u00e5 stranden\" fetchpriority=\"auto\">\n            <\/picture>\n        <\/div>\n        <\/div>\n    <\/div>\n  <\/div>\n  <div class=\"mtt-cover__text-container page_container\">\n    <div class=\"mtt-cover__text-wrap\">\n                    <h1 class=\"tagline\">The Marine Mammal Response Team<\/h1>\n                          <div class=\"mtt-cover__text title--h1\">\n              Help a marine mammal in distress          <\/div>\n                    <\/div>\n        <\/div>\n<\/div>\n<\/div><\/div><\/div><\/div><div id=\"pg-2095-1\"  class=\"panel-grid panel-no-style\" ><div id=\"pgc-2095-1-0\"  class=\"panel-grid-cell\" ><div id=\"panel-2095-1-0-0\" class=\"so-panel widget widget_mtt-text-image panel-first-child panel-last-child\" data-index=\"1\" ><div\n\t\t\t\n\t\t\tclass=\"so-widget-mtt-text-image so-widget-mtt-text-image-base\"\n\t\t\t\n\t\t>\n<div class=\"mtt-text-image\">\n  <div class=\"mtt-text-image__inner page_container image-text\">\n    <div class=\"mtt-text-image__text-container\">\n                <h2 class=\"mtt-text-image__title\">What is the Marine Mammal Response Team?<\/h2>        <p class=\"mtt-text-image__text\"><p>The Fisheries and Maritime Museum, in collaboration with various partners, including <a href=\"https:\/\/eng.mst.dk\/\" target=\"_blank\" rel=\"noopener\">The Danish Environmental Protection Agency<span class=\"Y2IQFc\" lang=\"en\">\u00a0<\/span><\/a>and <a href=\"https:\/\/eng.naturstyrelsen.dk\/\" target=\"_blank\" rel=\"noopener\">The Danish Nature Agency<\/a>, forms <em>The National Contingency Plan concerning strandings of marine mammals in Denmark<\/em> also called The Marine Mammal Response Team. The team collects information about seals and whales and monitors their health in Denmark. Additionally, the team ensures the swift euthanization of sick and debilitated seals and whales whenever possible. Below, you can read what to do if you come across sick or deceased marine mammals on the beach.<\/p>\n<\/p>                            <\/div>\n    <div class=\"mtt-text-image__image\">\n      <div class=\"mtt-text-image__image--inner\">\n                \n<div class=\"mtt-image-video-block normal flipped\">\n            <div class=\"mtt-image object-fit\">\n            <picture fetchpriority=\"auto\">\n                                            <img decoding=\"async\" src=\"https:\/\/fimus.dk\/wp-content\/uploads\/2023\/09\/p24-saeler-paa-banke-06-ct-1600px.jpg\" alt=\"s\u00e6l p\u00e5 stranden\" fetchpriority=\"auto\">\n            <\/picture>\n        <\/div>\n        <\/div>\n      <\/div>\n    <\/div>\n  <\/div>\n<\/div>\n\n\n<\/div><\/div><\/div><\/div><div id=\"pg-2095-2\"  class=\"panel-grid panel-no-style\" ><div id=\"pgc-2095-2-0\"  class=\"panel-grid-cell\" ><div id=\"panel-2095-2-0-0\" class=\"so-panel widget widget_mtt-text-image panel-first-child panel-last-child\" data-index=\"2\" ><div\n\t\t\t\n\t\t\tclass=\"so-widget-mtt-text-image so-widget-mtt-text-image-base\"\n\t\t\t\n\t\t>\n<div class=\"mtt-text-image widget_prim_variant widget-contrast-light spacing-classes-added\">\n  <div class=\"mtt-text-image__inner page_container text-image\">\n    <div class=\"mtt-text-image__text-container\">\n                <h2 class=\"mtt-text-image__title\">What do I do if...<\/h2>        <p class=\"mtt-text-image__text\"><p>If you come across a marine mammal on a beach in Denmark, your actions may vary depending on the situation. Here, you can read about what to do if you find yourself in one of the following scenarios.<\/p>\n<\/p>                    <div class=\"mtt-text-image__accordions\" itemscope itemtype=\"https:\/\/schema.org\/FAQPage\">\n                                                        <div class=\"mtt-text-image__accordions--item accordion-item\" itemscope itemprop=\"mainEntity\" itemtype=\"https:\/\/schema.org\/Question\">\n                        <div class=\"mtt-text-image__accordions--item-title accordion-item-title\">\n                            <h3>I find a sick seal?<\/h3>\n                            <div class=\"mtt-text-image__accordions--arrow\"><\/div>\n                        <\/div>\n                        <div class=\"mtt-text-image__accordions--item-wrap\" itemscope itemprop=\"acceptedAnswer\" itemtype=\"https:\/\/schema.org\/Answer\">\n                            <div class=\"mtt-text-image__accordions--item-content styled-text accordion\" itemprop=\"text\">\n                              <p>Leave the animal undisturbed and call the nearest unit of The Danish Nature Agency <a href=\"https:\/\/naturstyrelsen.dk\/kontakt-os-lokalt\" target=\"_blank\" rel=\"noopener\">here<\/a>.<\/p>\n<p>You can also call the museum at <a href=\"tel:+4576122000\">+45 76 12 20 00<\/a> and press 3 to be connected to the on-call marine mammal response team.<\/p>\n                            <\/div>\n                        <\/div>\n                    <\/div>\n                                                        <div class=\"mtt-text-image__accordions--item accordion-item\" itemscope itemprop=\"mainEntity\" itemtype=\"https:\/\/schema.org\/Question\">\n                        <div class=\"mtt-text-image__accordions--item-title accordion-item-title\">\n                            <h3>I come across abandoned seal pups and hear crying on the beach?<\/h3>\n                            <div class=\"mtt-text-image__accordions--arrow\"><\/div>\n                        <\/div>\n                        <div class=\"mtt-text-image__accordions--item-wrap\" itemscope itemprop=\"acceptedAnswer\" itemtype=\"https:\/\/schema.org\/Answer\">\n                            <div class=\"mtt-text-image__accordions--item-content styled-text accordion\" itemprop=\"text\">\n                              <p>In Denmark, grey seals give birth to their pups in June and July. During this period, you may come across seal pups on the beach. The best advice is to leave the pup alone and keep your distance. It's not uncommon for the mother to temporarily leave her pup to search for food. You may hear the seal pups crying. It can sound heart-wrenching, but it doesn't necessarily mean they have been abandoned.<\/p>\n<p>&nbsp;<\/p>\n<p>However, if the seal pup remains in the same spot on the beach for more than a day, it could indicate that the mother has become separated from the pup. In such a case, you can call the nearest unit of The Danish Nature Agency <a href=\"https:\/\/naturstyrelsen.dk\/kontakt-os-lokalt\" target=\"_blank\" rel=\"noopener\">here<\/a>.<\/p>\n<p>You can also call the museum at<a href=\"tel:+4576122000\"> +45 76 12 20 00<\/a> and press 3 to be connected to the on-call marine mammal response team.<\/p>\n                            <\/div>\n                        <\/div>\n                    <\/div>\n                                                        <div class=\"mtt-text-image__accordions--item accordion-item\" itemscope itemprop=\"mainEntity\" itemtype=\"https:\/\/schema.org\/Question\">\n                        <div class=\"mtt-text-image__accordions--item-title accordion-item-title\">\n                            <h3>I find deceased seals and whales?<\/h3>\n                            <div class=\"mtt-text-image__accordions--arrow\"><\/div>\n                        <\/div>\n                        <div class=\"mtt-text-image__accordions--item-wrap\" itemscope itemprop=\"acceptedAnswer\" itemtype=\"https:\/\/schema.org\/Answer\">\n                            <div class=\"mtt-text-image__accordions--item-content styled-text accordion\" itemprop=\"text\">\n                              <p>We would greatly appreciate hearing from you if you come across a deceased seal or whale on the beach. Please remember to take a photo of the animal and make note of its location.<\/p>\n<p>You can either call or write to the Fisheries and Maritime Museum at <a href=\"tel:+4576122000\">+45 76 12 20 00<\/a> \/ <a href=\"mailto:kontakt@musvest.dk\">kontakt@musvest.dk<\/a>.<\/p>\n<p>You can also contact the nearest local unit of <a href=\"https:\/\/naturstyrelsen.dk\/kontakt-os-lokalt\" target=\"_blank\" rel=\"noopener\">The Danish Nature Agency<\/a>.<\/p>\n                            <\/div>\n                        <\/div>\n                    <\/div>\n                                                        <div class=\"mtt-text-image__accordions--item accordion-item\" itemscope itemprop=\"mainEntity\" itemtype=\"https:\/\/schema.org\/Question\">\n                        <div class=\"mtt-text-image__accordions--item-title accordion-item-title\">\n                            <h3>I find a seal on the beach?<\/h3>\n                            <div class=\"mtt-text-image__accordions--arrow\"><\/div>\n                        <\/div>\n                        <div class=\"mtt-text-image__accordions--item-wrap\" itemscope itemprop=\"acceptedAnswer\" itemtype=\"https:\/\/schema.org\/Answer\">\n                            <div class=\"mtt-text-image__accordions--item-content styled-text accordion\" itemprop=\"text\">\n                              <p>If the seal appears to be in good health, please maintain a distance and leave it be.<\/p>\n<p>Seals that are molting, breeding, or have pups need peace and quiet.<\/p>\n<p>&nbsp;<\/p>\n<p>If you have general questions about seals or whales, feel free to write to us at <a href=\"mailto:kontakt@musvest.dk\">kontakt@musvest.dk<\/a><\/p>\n                            <\/div>\n                        <\/div>\n                    <\/div>\n                            <\/div>\n                            <\/div>\n    <div class=\"mtt-text-image__image\">\n      <div class=\"mtt-text-image__image--inner\">\n                \n<div class=\"mtt-image-video-block normal\">\n            <div class=\"mtt-image object-fit\">\n            <picture fetchpriority=\"auto\">\n                                            <img decoding=\"async\" src=\"https:\/\/fimus.dk\/wp-content\/uploads\/2023\/07\/IMG04373-2-2000x1333.jpg\" alt=\"s\u00e6lariet\" fetchpriority=\"auto\">\n            <\/picture>\n        <\/div>\n        <\/div>\n      <\/div>\n    <\/div>\n  <\/div>\n<\/div>\n\n\n<\/div><\/div><\/div><\/div><\/div>","protected":false},"excerpt":{"rendered":"<p>The Marine Mammal Response Team Help a marine mammal in distress What is the Marine Mammal Response Team? The Fisheries and Maritime Museum, in collaboration with various partners, including The Danish Environmental Protection Agency\u00a0and The Danish Nature Agency, forms The National Contingency Plan concerning strandings of marine mammals in Denmark also called The Marine Mammal [&hellip;]<\/p>\n","protected":false},"author":4,"featured_media":0,"parent":0,"menu_order":28,"comment_status":"closed","ping_status":"closed","template":"","meta":{"_acf_changed":false,"inline_featured_image":false,"footnotes":""},"class_list":["post-2095","page","type-page","status-publish","hentry"],"acf":[],"yoast_head":"<!-- This site is optimized with the Yoast SEO plugin v27.0 - https:\/\/yoast.com\/product\/yoast-seo-wordpress\/ -->\n<title>S\u00e6l p\u00e5 stranden, som er i n\u00f8d - Kontakt os i dag!<\/title>\n<meta name=\"description\" content=\"Hvis du har set en s\u00e6l p\u00e5 stranden som enten er syg eller d\u00f8d, s\u00e5 tag kontakt til Beredskabet for havpattedyr.\" \/>\n<meta name=\"robots\" content=\"index, follow, max-snippet:-1, max-image-preview:large, max-video-preview:-1\" \/>\n<link rel=\"canonical\" href=\"https:\/\/fimus.dk\/en\/seal-on-the-beach\/\" \/>\n<meta property=\"og:locale\" content=\"en_US\" \/>\n<meta property=\"og:type\" content=\"article\" \/>\n<meta property=\"og:title\" content=\"S\u00e6l p\u00e5 stranden, som er i n\u00f8d - Kontakt os i dag!\" \/>\n<meta property=\"og:description\" content=\"Hvis du har set en s\u00e6l p\u00e5 stranden som enten er syg eller d\u00f8d, s\u00e5 tag kontakt til Beredskabet for havpattedyr.\" \/>\n<meta property=\"og:url\" content=\"https:\/\/fimus.dk\/en\/seal-on-the-beach\/\" \/>\n<meta property=\"og:site_name\" content=\"Fiskeri- og S\u00f8fartsmuseet i Esbjerg - bestil billet allerede i dag\" \/>\n<meta property=\"article:modified_time\" content=\"2026-01-29T07:58:06+00:00\" \/>\n<meta name=\"twitter:card\" content=\"summary_large_image\" \/>\n<meta name=\"twitter:label1\" content=\"Est. reading time\" \/>\n\t<meta name=\"twitter:data1\" content=\"4 minutes\" \/>\n<script type=\"application\/ld+json\" class=\"yoast-schema-graph\">{\"@context\":\"https:\/\/schema.org\",\"@graph\":[{\"@type\":\"WebPage\",\"@id\":\"https:\/\/fimus.dk\/en\/seal-on-the-beach\/\",\"url\":\"https:\/\/fimus.dk\/en\/seal-on-the-beach\/\",\"name\":\"S\u00e6l p\u00e5 stranden, som er i n\u00f8d - Kontakt os i dag!\",\"isPartOf\":{\"@id\":\"https:\/\/fimus.dk\/#website\"},\"datePublished\":\"2023-07-11T11:39:14+00:00\",\"dateModified\":\"2026-01-29T07:58:06+00:00\",\"description\":\"Hvis du har set en s\u00e6l p\u00e5 stranden som enten er syg eller d\u00f8d, s\u00e5 tag kontakt til Beredskabet for havpattedyr.\",\"breadcrumb\":{\"@id\":\"https:\/\/fimus.dk\/en\/seal-on-the-beach\/#breadcrumb\"},\"inLanguage\":\"en-US\",\"potentialAction\":[{\"@type\":\"ReadAction\",\"target\":[\"https:\/\/fimus.dk\/en\/seal-on-the-beach\/\"]}]},{\"@type\":\"BreadcrumbList\",\"@id\":\"https:\/\/fimus.dk\/en\/seal-on-the-beach\/#breadcrumb\",\"itemListElement\":[{\"@type\":\"ListItem\",\"position\":1,\"name\":\"Hjem\",\"item\":\"https:\/\/fimus.dk\/en\/\"},{\"@type\":\"ListItem\",\"position\":2,\"name\":\"The Marine Mammal Response Team\"}]},{\"@type\":\"WebSite\",\"@id\":\"https:\/\/fimus.dk\/#website\",\"url\":\"https:\/\/fimus.dk\/\",\"name\":\"Fiskeri- og S\u00f8fartsmuseet i Esbjerg - bestil billet allerede i dag\",\"description\":\"Hos os er havets kultur- og naturhistorie koblet sammen. Vi har et hav af fort\u00e6llinger og meget mere, som vi gl\u00e6der os til at dele med jer!\",\"publisher\":{\"@id\":\"https:\/\/fimus.dk\/#organization\"},\"potentialAction\":[{\"@type\":\"SearchAction\",\"target\":{\"@type\":\"EntryPoint\",\"urlTemplate\":\"https:\/\/fimus.dk\/?s={search_term_string}\"},\"query-input\":{\"@type\":\"PropertyValueSpecification\",\"valueRequired\":true,\"valueName\":\"search_term_string\"}}],\"inLanguage\":\"en-US\"},{\"@type\":\"Organization\",\"@id\":\"https:\/\/fimus.dk\/#organization\",\"name\":\"Fiskeri- og S\u00f8fartsmuseet i Esbjerg - bestil billet allerede i dag\",\"url\":\"https:\/\/fimus.dk\/\",\"logo\":{\"@type\":\"ImageObject\",\"inLanguage\":\"en-US\",\"@id\":\"https:\/\/fimus.dk\/#\/schema\/logo\/image\/\",\"url\":\"https:\/\/fimus.dk\/wp-content\/uploads\/2023\/06\/logo.svg\",\"contentUrl\":\"https:\/\/fimus.dk\/wp-content\/uploads\/2023\/06\/logo.svg\",\"width\":221,\"height\":41,\"caption\":\"Fiskeri- og S\u00f8fartsmuseet i Esbjerg - bestil billet allerede i dag\"},\"image\":{\"@id\":\"https:\/\/fimus.dk\/#\/schema\/logo\/image\/\"}}]}<\/script>\n<!-- \/ Yoast SEO plugin. -->","yoast_head_json":{"title":"S\u00e6l p\u00e5 stranden, som er i n\u00f8d - Kontakt os i dag!","description":"Hvis du har set en s\u00e6l p\u00e5 stranden som enten er syg eller d\u00f8d, s\u00e5 tag kontakt til Beredskabet for havpattedyr.","robots":{"index":"index","follow":"follow","max-snippet":"max-snippet:-1","max-image-preview":"max-image-preview:large","max-video-preview":"max-video-preview:-1"},"canonical":"https:\/\/fimus.dk\/en\/seal-on-the-beach\/","og_locale":"en_US","og_type":"article","og_title":"S\u00e6l p\u00e5 stranden, som er i n\u00f8d - Kontakt os i dag!","og_description":"Hvis du har set en s\u00e6l p\u00e5 stranden som enten er syg eller d\u00f8d, s\u00e5 tag kontakt til Beredskabet for havpattedyr.","og_url":"https:\/\/fimus.dk\/en\/seal-on-the-beach\/","og_site_name":"Fiskeri- og S\u00f8fartsmuseet i Esbjerg - bestil billet allerede i dag","article_modified_time":"2026-01-29T07:58:06+00:00","twitter_card":"summary_large_image","twitter_misc":{"Est. reading time":"4 minutes"},"schema":{"@context":"https:\/\/schema.org","@graph":[{"@type":"WebPage","@id":"https:\/\/fimus.dk\/en\/seal-on-the-beach\/","url":"https:\/\/fimus.dk\/en\/seal-on-the-beach\/","name":"S\u00e6l p\u00e5 stranden, som er i n\u00f8d - Kontakt os i dag!","isPartOf":{"@id":"https:\/\/fimus.dk\/#website"},"datePublished":"2023-07-11T11:39:14+00:00","dateModified":"2026-01-29T07:58:06+00:00","description":"Hvis du har set en s\u00e6l p\u00e5 stranden som enten er syg eller d\u00f8d, s\u00e5 tag kontakt til Beredskabet for havpattedyr.","breadcrumb":{"@id":"https:\/\/fimus.dk\/en\/seal-on-the-beach\/#breadcrumb"},"inLanguage":"en-US","potentialAction":[{"@type":"ReadAction","target":["https:\/\/fimus.dk\/en\/seal-on-the-beach\/"]}]},{"@type":"BreadcrumbList","@id":"https:\/\/fimus.dk\/en\/seal-on-the-beach\/#breadcrumb","itemListElement":[{"@type":"ListItem","position":1,"name":"Hjem","item":"https:\/\/fimus.dk\/en\/"},{"@type":"ListItem","position":2,"name":"The Marine Mammal Response Team"}]},{"@type":"WebSite","@id":"https:\/\/fimus.dk\/#website","url":"https:\/\/fimus.dk\/","name":"Fiskeri- og S\u00f8fartsmuseet i Esbjerg - bestil billet allerede i dag","description":"Hos os er havets kultur- og naturhistorie koblet sammen. Vi har et hav af fort\u00e6llinger og meget mere, som vi gl\u00e6der os til at dele med jer!","publisher":{"@id":"https:\/\/fimus.dk\/#organization"},"potentialAction":[{"@type":"SearchAction","target":{"@type":"EntryPoint","urlTemplate":"https:\/\/fimus.dk\/?s={search_term_string}"},"query-input":{"@type":"PropertyValueSpecification","valueRequired":true,"valueName":"search_term_string"}}],"inLanguage":"en-US"},{"@type":"Organization","@id":"https:\/\/fimus.dk\/#organization","name":"Fiskeri- og S\u00f8fartsmuseet i Esbjerg - bestil billet allerede i dag","url":"https:\/\/fimus.dk\/","logo":{"@type":"ImageObject","inLanguage":"en-US","@id":"https:\/\/fimus.dk\/#\/schema\/logo\/image\/","url":"https:\/\/fimus.dk\/wp-content\/uploads\/2023\/06\/logo.svg","contentUrl":"https:\/\/fimus.dk\/wp-content\/uploads\/2023\/06\/logo.svg","width":221,"height":41,"caption":"Fiskeri- og S\u00f8fartsmuseet i Esbjerg - bestil billet allerede i dag"},"image":{"@id":"https:\/\/fimus.dk\/#\/schema\/logo\/image\/"}}]}},"_links":{"self":[{"href":"https:\/\/fimus.dk\/en\/wp-json\/wp\/v2\/pages\/2095","targetHints":{"allow":["GET"]}}],"collection":[{"href":"https:\/\/fimus.dk\/en\/wp-json\/wp\/v2\/pages"}],"about":[{"href":"https:\/\/fimus.dk\/en\/wp-json\/wp\/v2\/types\/page"}],"author":[{"embeddable":true,"href":"https:\/\/fimus.dk\/en\/wp-json\/wp\/v2\/users\/4"}],"replies":[{"embeddable":true,"href":"https:\/\/fimus.dk\/en\/wp-json\/wp\/v2\/comments?post=2095"}],"version-history":[{"count":10,"href":"https:\/\/fimus.dk\/en\/wp-json\/wp\/v2\/pages\/2095\/revisions"}],"predecessor-version":[{"id":4599,"href":"https:\/\/fimus.dk\/en\/wp-json\/wp\/v2\/pages\/2095\/revisions\/4599"}],"wp:attachment":[{"href":"https:\/\/fimus.dk\/en\/wp-json\/wp\/v2\/media?parent=2095"}],"curies":[{"name":"wp","href":"https:\/\/api.w.org\/{rel}","templated":true}]}}